{"id":22701,"date":"2025-01-20T11:29:41","date_gmt":"2025-01-20T11:29:41","guid":{"rendered":"https:\/\/wp.smartstories.io\/?page_id=22701"},"modified":"2025-01-20T11:43:31","modified_gmt":"2025-01-20T11:43:31","slug":"conditions-dutilisation","status":"publish","type":"page","link":"https:\/\/smartstories.io\/?page_id=22701&lang=fr","title":{"rendered":"Conditions d&#8217;utilisation"},"content":{"rendered":"\t\t<div data-elementor-type=\"wp-page\" data-elementor-id=\"22701\" class=\"elementor elementor-22701\">\n\t\t\t\t<div class=\"elementor-element elementor-element-510cb78c e-flex e-con-boxed e-con e-parent\" data-id=\"510cb78c\" data-element_type=\"container\" data-e-type=\"container\">\n\t\t\t\t\t<div class=\"e-con-inner\">\n\t\t\t\t<div class=\"elementor-element elementor-element-5bf02a1b elementor-widget elementor-widget-text-editor\" data-id=\"5bf02a1b\" data-element_type=\"widget\" data-e-type=\"widget\" data-settings=\"{&quot;ekit_we_effect_on&quot;:&quot;none&quot;}\" data-widget_type=\"text-editor.default\">\n\t\t\t\t<div class=\"elementor-widget-container\"><p><strong>Derni\u00e8re mise \u00e0 jour : 27 avril 2023<\/strong><\/p>\n<p>Veuillez lire attentivement ces conditions g\u00e9n\u00e9rales avant d&#8217;utiliser notre service.<\/p>\n<h3 class=\"wp-block-heading\">Interpr\u00e9tation et d\u00e9finitions<\/h3>\n<p><strong>Interpr\u00e9tation<\/strong><\/p>\n<p>Les mots dont la premi\u00e8re lettre est en majuscule ont les significations d\u00e9finies dans les conditions suivantes. Les d\u00e9finitions suivantes auront la m\u00eame signification, que ces termes apparaissent au singulier ou au pluriel.<\/p>\n<p><strong>D\u00e9finitions<\/strong><\/p>\n<p>Aux fins de ces conditions g\u00e9n\u00e9rales :<\/p>\n<ul>\n<li><strong>Affili\u00e9<\/strong> : d\u00e9signe toute entit\u00e9 qui contr\u00f4le, est contr\u00f4l\u00e9e par ou est sous contr\u00f4le commun avec une partie, o\u00f9 \u00ab contr\u00f4le \u00bb signifie la d\u00e9tention de 50 % ou plus des actions, des int\u00e9r\u00eats en capital ou d&#8217;autres titres ayant droit de vote pour l&#8217;\u00e9lection des administrateurs ou toute autre autorit\u00e9 de gestion.<\/li>\n<li><strong>Pays<\/strong> : fait r\u00e9f\u00e9rence \u00e0 : Liban<\/li>\n<li><strong>Entreprise<\/strong> (d\u00e9sign\u00e9e dans cet accord par \u00ab l&#8217;entreprise \u00bb, \u00ab nous \u00bb, \u00ab notre \u00bb ou \u00ab nos \u00bb) fait r\u00e9f\u00e9rence \u00e0 Smart Stories.<\/li>\n<li><strong>Appareil<\/strong> : d\u00e9signe tout appareil pouvant acc\u00e9der au service, tel qu&#8217;un ordinateur, un t\u00e9l\u00e9phone portable ou une tablette num\u00e9rique.<\/li>\n<li><strong>Service<\/strong> : d\u00e9signe le site web.<\/li>\n<li><strong>Conditions g\u00e9n\u00e9rales<\/strong> (\u00e9galement appel\u00e9es \u00ab Conditions \u00bb) d\u00e9signent ces conditions g\u00e9n\u00e9rales qui constituent l&#8217;accord complet entre vous et l&#8217;entreprise concernant l&#8217;utilisation du service. Cet accord a \u00e9t\u00e9 cr\u00e9\u00e9 \u00e0 l&#8217;aide du g\u00e9n\u00e9rateur gratuit de conditions g\u00e9n\u00e9rales.<\/li>\n<li><strong>Service de r\u00e9seaux sociaux tiers<\/strong> : d\u00e9signe tout service ou contenu (y compris des donn\u00e9es, informations, produits ou services) fourni par un tiers qui peut \u00eatre affich\u00e9, inclus ou mis \u00e0 disposition par le service.<\/li>\n<li><strong>Site web<\/strong> : fait r\u00e9f\u00e9rence \u00e0 Smart Stories, accessible \u00e0 partir de <a href=\"https:\/\/wp.smartstories.io\/\">https:\/\/wp.smartstories.io\/<\/a><\/li>\n<li><strong>Vous<\/strong> : d\u00e9signe l&#8217;individu acc\u00e9dant ou utilisant le service, ou la soci\u00e9t\u00e9, ou autre entit\u00e9 juridique pour le compte de laquelle cet individu acc\u00e8de ou utilise le service, selon le cas.<\/li>\n<\/ul>\n<h3>Reconnaissance<\/h3>\n<p>Ce sont les conditions g\u00e9n\u00e9rales r\u00e9gissant l&#8217;utilisation de ce service et l&#8217;accord qui existe entre vous et l&#8217;entreprise. Ces conditions g\u00e9n\u00e9rales d\u00e9finissent les droits et obligations de tous les utilisateurs concernant l&#8217;utilisation du service.<\/p>\n<p>Votre acc\u00e8s et votre utilisation du service sont conditionn\u00e9s \u00e0 votre acceptation et \u00e0 votre conformit\u00e9 avec ces conditions g\u00e9n\u00e9rales. Ces conditions g\u00e9n\u00e9rales s&#8217;appliquent \u00e0 tous les visiteurs, utilisateurs et autres personnes qui acc\u00e8dent au service ou l&#8217;utilisent.<\/p>\n<p>En acc\u00e9dant au service ou en l&#8217;utilisant, vous acceptez d&#8217;\u00eatre li\u00e9 par ces conditions g\u00e9n\u00e9rales. Si vous n&#8217;\u00eates pas d&#8217;accord avec une partie de ces conditions, vous ne pouvez pas acc\u00e9der au service.<\/p>\n<p>Vous d\u00e9clarez que vous avez plus de 18 ans. L&#8217;entreprise ne permet pas aux personnes de moins de 18 ans d&#8217;utiliser le service.<\/p>\n<p>Votre acc\u00e8s et votre utilisation du service sont \u00e9galement conditionn\u00e9s \u00e0 votre acceptation et \u00e0 votre conformit\u00e9 \u00e0 la politique de confidentialit\u00e9 de l&#8217;entreprise. Notre politique de confidentialit\u00e9 d\u00e9crit nos politiques et proc\u00e9dures concernant la collecte, l&#8217;utilisation et la divulgation de vos informations personnelles lorsque vous utilisez l&#8217;application ou le site web et vous informe de vos droits \u00e0 la vie priv\u00e9e et de la mani\u00e8re dont la loi vous prot\u00e8ge. Veuillez lire attentivement notre politique de confidentialit\u00e9 avant d&#8217;utiliser notre service.<\/p>\n<h3>Liens vers d&#8217;autres sites web<\/h3>\n<p>Notre service peut contenir des liens vers des sites web ou services tiers qui ne sont pas d\u00e9tenus ou contr\u00f4l\u00e9s par l&#8217;entreprise.<\/p>\n<p>L&#8217;entreprise n&#8217;a aucun contr\u00f4le sur, et ne assume aucune responsabilit\u00e9 pour, le contenu, les politiques de confidentialit\u00e9 ou les pratiques de tout site web ou service tiers. Vous reconnaissez en outre que l&#8217;entreprise ne sera pas responsable, directement ou indirectement, de tout dommage ou perte caus\u00e9e ou suppos\u00e9e caus\u00e9e par ou en relation avec l&#8217;utilisation ou la confiance sur tout contenu, produit ou service disponible sur ou par le biais de ces sites web ou services.<\/p>\n<p>Nous vous conseillons vivement de lire les conditions g\u00e9n\u00e9rales et les politiques de confidentialit\u00e9 de tous les sites web ou services tiers que vous visitez.<\/p>\n<h3>R\u00e9siliation<\/h3>\n<p>Nous pouvons r\u00e9silier ou suspendre imm\u00e9diatement votre acc\u00e8s, sans pr\u00e9avis ni responsabilit\u00e9, pour toute raison, y compris, sans limitation, si vous violez ces conditions g\u00e9n\u00e9rales.<\/p>\n<p>En cas de r\u00e9siliation, votre droit d&#8217;utiliser le service cessera imm\u00e9diatement.<\/p>\n<h3>Limitation de responsabilit\u00e9<\/h3>\n<p>Nonobstant tous les dommages que vous pourriez encourir, la responsabilit\u00e9 totale de l&#8217;entreprise et de ses fournisseurs en vertu de toute disposition de ces conditions et votre recours exclusif pour tous les cas mentionn\u00e9s ci-dessus sera limit\u00e9 au montant effectivement pay\u00e9 par vous via le service ou \u00e0 100 USD si vous n&#8217;avez rien achet\u00e9 via le service.<\/p>\n<p>Dans toute la mesure permise par la loi applicable, en aucun cas l&#8217;entreprise ou ses fournisseurs ne seront responsables de dommages sp\u00e9ciaux, accessoires, indirects ou cons\u00e9cutifs (y compris, mais sans s&#8217;y limiter, les dommages pour perte de profits, perte de donn\u00e9es ou autres informations, pour interruption d&#8217;activit\u00e9, pour blessure personnelle, perte de confidentialit\u00e9 d\u00e9coulant de ou li\u00e9e \u00e0 l&#8217;utilisation ou \u00e0 l&#8217;incapacit\u00e9 d&#8217;utiliser le service, le logiciel tiers et\/ou le mat\u00e9riel tiers utilis\u00e9 avec le service, ou autrement en relation avec toute disposition de ces conditions), m\u00eame si l&#8217;entreprise ou l&#8217;un de ses fournisseurs a \u00e9t\u00e9 inform\u00e9 de la possibilit\u00e9 de tels dommages et m\u00eame si le recours \u00e9choue dans son but essentiel.<\/p>\n<p>Certaines juridictions n&#8217;autorisent pas l&#8217;exclusion de garanties implicites ou la limitation de responsabilit\u00e9 pour les dommages accessoires ou cons\u00e9cutifs, ce qui signifie que certaines des limitations ci-dessus peuvent ne pas s&#8217;appliquer. Dans ces juridictions, la responsabilit\u00e9 de chaque partie sera limit\u00e9e dans toute la mesure permise par la loi.<\/p>\n<h3>Avertissement \u00ab TEL QUEL \u00bb et \u00ab SELON LA DISPONIBILIT\u00c9 \u00bb<\/h3>\n<p>Le service vous est fourni \u00ab TEL QUEL \u00bb et \u00ab SELON LA DISPONIBILIT\u00c9 \u00bb et avec tous les d\u00e9fauts sans garantie d&#8217;aucune sorte. Dans toute la mesure permise par la loi applicable, l&#8217;entreprise, pour son propre compte et pour le compte de ses affili\u00e9s et de leurs conc\u00e9dants de licence et fournisseurs de services respectifs, d\u00e9cline express\u00e9ment toutes les garanties, qu&#8217;elles soient express\u00e9ment \u00e9nonc\u00e9es, implicites, statutaires ou autres, concernant le service, y compris toutes les garanties implicites de qualit\u00e9 marchande, de compatibilit\u00e9 \u00e0 un usage particulier, de titre et de non-contrefa\u00e7on, ainsi que les garanties pouvant d\u00e9couler du cours des affaires, du cours de l&#8217;ex\u00e9cution, de l&#8217;utilisation ou de la pratique commerciale.<\/p>\n<p>Sans limiter ce qui pr\u00e9c\u00e8de, ni l&#8217;entreprise ni aucun de ses fournisseurs ne fait de d\u00e9claration ou de garantie, expresse ou implicite : (i) concernant l&#8217;exploitation ou la disponibilit\u00e9 du service, ou les informations, le contenu, et les mat\u00e9riaux ou produits qui y sont inclus ; (ii) que le service sera ininterrompu ou sans erreur ; (iii) concernant l&#8217;exactitude, la fiabilit\u00e9 ou l&#8217;actualit\u00e9 des informations ou du contenu fournis via le service ; ou (iv) que le service, ses serveurs, le contenu ou les e-mails envoy\u00e9s de ou au nom de l&#8217;entreprise sont exempts de virus, scripts, chevaux de Troie, vers, malwares, bombes \u00e0 retardement ou autres composants nuisibles.<\/p>\n<p>Certaines juridictions n&#8217;autorisent pas l&#8217;exclusion de certains types de garanties ou la limitation des droits statutaires d&#8217;un consommateur, de sorte que certaines ou toutes les exclusions et limitations ci-dessus peuvent ne pas vous \u00eatre applicables. Cependant, dans ce cas, les exclusions et limitations \u00e9nonc\u00e9es dans cette section seront appliqu\u00e9es dans toute la mesure o\u00f9 elles sont ex\u00e9cutables en vertu de la loi applicable.<\/p>\n<h3>Loi applicable<\/h3>\n<p>Les lois du pays, \u00e0 l&#8217;exclusion de ses r\u00e8gles de conflit de lois, r\u00e9giront ces conditions et votre utilisation du service. Votre utilisation de l&#8217;application peut \u00e9galement \u00eatre soumise \u00e0 d&#8217;autres lois locales, nationales, internationales ou \u00e9tatiques.<\/p>\n<h3>R\u00e9solution des conflits<\/h3>\n<p>Si vous avez des pr\u00e9occupations ou des litiges concernant le service, vous acceptez de tenter de r\u00e9soudre le litige de mani\u00e8re informelle en contactant l&#8217;entreprise.<\/p>\n<h4>Pour les utilisateurs de l&#8217;Union Europ\u00e9enne (UE)<\/h4>\n<p>Si vous \u00eates un consommateur de l&#8217;Union Europ\u00e9enne, vous b\u00e9n\u00e9ficierez des dispositions imp\u00e9ratives de la loi du pays dans lequel vous r\u00e9sidez.<\/p>\n<h4>Conformit\u00e9 l\u00e9gale aux \u00c9tats-Unis<\/h4>\n<p>Vous d\u00e9clarez et garantissez que (i) vous ne vous trouvez pas dans un pays soumis \u00e0 un embargo du gouvernement des \u00c9tats-Unis, ou d\u00e9sign\u00e9 par le gouvernement des \u00c9tats-Unis comme un \u00ab pays soutenant le terrorisme \u00bb, et (ii) vous n&#8217;\u00eates pas inscrit sur une liste des parties interdites ou restreintes du gouvernement des \u00c9tats-Unis.<\/p>\n<h3>Divisibilit\u00e9 et renonciation<\/h3>\n<h4>Divisibilit\u00e9<\/h4>\n<p>Si une disposition de ces conditions est jug\u00e9e inapplicable ou invalide, cette disposition sera modifi\u00e9e et interpr\u00e9t\u00e9e pour accomplir les objectifs de cette disposition dans toute la mesure permise par la loi applicable, et les autres dispositions continueront d&#8217;\u00eatre en vigueur et de produire leurs effets.<\/p>\n<h4>Renonciation<\/h4>\n<p>Sauf disposition contraire, le fait de ne pas exercer un droit ou de ne pas exiger l&#8217;ex\u00e9cution d&#8217;une obligation en vertu de ces conditions n&#8217;affectera pas la capacit\u00e9 d&#8217;une partie \u00e0 exercer ce droit ou \u00e0 exiger cette ex\u00e9cution \u00e0 tout moment ult\u00e9rieur, ni la renonciation \u00e0 une violation ne constituera une renonciation \u00e0 toute violation ult\u00e9rieure.<\/p>\n<h3>Traduction et interpr\u00e9tation<\/h3>\n<p>Ces conditions g\u00e9n\u00e9rales peuvent avoir \u00e9t\u00e9 traduites si nous les avons mises \u00e0 votre disposition via notre service. Vous acceptez que le texte original en anglais pr\u00e9vale en cas de litige.<\/p>\n<h3>Modifications de ces conditions g\u00e9n\u00e9rales<\/h3>\n<p>Nous nous r\u00e9servons le droit, \u00e0 notre seule discr\u00e9tion, de modifier ou de remplacer ces conditions \u00e0 tout moment. Si une r\u00e9vision est substantielle, nous ferons des efforts raisonnables pour vous fournir un pr\u00e9avis d&#8217;au moins 30 jours avant que de nouvelles conditions n&#8217;entrent en vigueur. Ce qui constitue un changement substantiel sera d\u00e9termin\u00e9 \u00e0 notre seule discr\u00e9tion.<\/p>\n<p>En continuant d&#8217;acc\u00e9der \u00e0 ou d&#8217;utiliser notre service apr\u00e8s que ces r\u00e9visions deviennent effectives, vous acceptez d&#8217;\u00eatre li\u00e9 par les conditions r\u00e9vis\u00e9es. Si vous n&#8217;\u00eates pas d&#8217;accord avec les nouvelles conditions, en tout ou en partie, veuillez cesser d&#8217;utiliser le site web et le service.<\/p>\n<h3>Contactez-nous<\/h3>\n<p>Si vous avez des questions sur ces conditions g\u00e9n\u00e9rales, vous pouvez nous contacter :<\/p>\n<p>En visitant cette page de notre site web : https:\/\/wp.smartstories.io\/<\/p><\/div>\n\t\t\t\t<\/div>\n\t\t\t\t\t<\/div>\n\t\t\t\t<\/div>\t\t<\/div>\n\t\t","protected":false},"excerpt":{"rendered":"<p>Derni\u00e8re mise \u00e0 jour : 27 avril 2023 Veuillez lire attentivement ces conditions g\u00e9n\u00e9rales avant d&#8217;utiliser notre service. Interpr\u00e9tation et d\u00e9finitions Interpr\u00e9tation Les mots dont la premi\u00e8re lettre est en majuscule ont les significations d\u00e9finies dans les conditions suivantes. Les d\u00e9finitions suivantes auront la m\u00eame signification, que ces termes apparaissent au singulier ou au pluriel. [&hellip;]<\/p>\n","protected":false},"author":3,"featured_media":0,"parent":0,"menu_order":0,"comment_status":"closed","ping_status":"closed","template":"","meta":{"footnotes":""},"class_list":["post-22701","page","type-page","status-publish","hentry"],"_links":{"self":[{"href":"https:\/\/smartstories.io\/index.php?rest_route=\/wp\/v2\/pages\/22701","targetHints":{"allow":["GET"]}}],"collection":[{"href":"https:\/\/smartstories.io\/index.php?rest_route=\/wp\/v2\/pages"}],"about":[{"href":"https:\/\/smartstories.io\/index.php?rest_route=\/wp\/v2\/types\/page"}],"author":[{"embeddable":true,"href":"https:\/\/smartstories.io\/index.php?rest_route=\/wp\/v2\/users\/3"}],"replies":[{"embeddable":true,"href":"https:\/\/smartstories.io\/index.php?rest_route=%2Fwp%2Fv2%2Fcomments&post=22701"}],"version-history":[{"count":4,"href":"https:\/\/smartstories.io\/index.php?rest_route=\/wp\/v2\/pages\/22701\/revisions"}],"predecessor-version":[{"id":22715,"href":"https:\/\/smartstories.io\/index.php?rest_route=\/wp\/v2\/pages\/22701\/revisions\/22715"}],"wp:attachment":[{"href":"https:\/\/smartstories.io\/index.php?rest_route=%2Fwp%2Fv2%2Fmedia&parent=22701"}],"curies":[{"name":"wp","href":"https:\/\/api.w.org\/{rel}","templated":true}]}}